{"id":1508,"date":"2025-11-04T12:02:27","date_gmt":"2025-11-04T11:02:27","guid":{"rendered":"https:\/\/mendezberenguer.es\/contacto\/"},"modified":"2025-12-02T12:08:29","modified_gmt":"2025-12-02T11:08:29","slug":"contacto","status":"publish","type":"page","link":"https:\/\/mendezberenguer.es\/pt-pt\/contacto\/","title":{"rendered":"Contato"},"content":{"rendered":"<div class=\"fusion-fullwidth fullwidth-box fusion-builder-row-1 fusion-flex-container has-pattern-background has-mask-background nonhundred-percent-fullwidth non-hundred-percent-height-scrolling\" style=\"background-color: #eef1fb;background-position: center center;background-repeat: no-repeat;border-width: 0px 0px 0px 0px;border-color:var(--awb-color3);border-style:solid;\" ><div class=\"fusion-builder-row fusion-row fusion-flex-align-items-flex-start\" style=\"max-width:1248px;margin-left: calc(-4% \/ 2 );margin-right: calc(-4% \/ 2 );\"><div class=\"fusion-layout-column fusion_builder_column fusion-builder-column-0 fusion_builder_column_1_1 1_1 fusion-flex-column\"><div class=\"fusion-column-wrapper fusion-flex-justify-content-flex-start fusion-content-layout-column\" style=\"background-position:left top;background-repeat:no-repeat;-webkit-background-size:cover;-moz-background-size:cover;-o-background-size:cover;background-size:cover;padding: 0px 0px 0px 0px;\"><style type=\"text\/css\">@media only screen and (max-width:1024px) {.fusion-title.fusion-title-1{margin-top:10px!important; margin-right:0px!important;margin-bottom:15px!important;margin-left:0px!important;}}@media only screen and (max-width:640px) {.fusion-title.fusion-title-1{margin-top:10px!important; margin-right:0px!important;margin-bottom:10px!important; margin-left:0px!important;}}<\/style><div class=\"fusion-title title fusion-title-1 fusion-sep-none fusion-title-text fusion-title-size-three\" style=\"margin-top:10px;margin-right:0px;margin-bottom:15px;margin-left:0px;\"><h3 class=\"title-heading-left fusion-responsive-typography-calculated\" style=\"margin:0;--fontSize:36;line-height:var(--awb-typography1-line-height);\">Deixe a sua mensagem<\/h3><\/div>\n<div class=\"wpcf7 no-js\" id=\"wpcf7-f1453-o1\" lang=\"pt-PT\" dir=\"ltr\" data-wpcf7-id=\"1453\">\n<div class=\"screen-reader-response\"><p role=\"status\" aria-live=\"polite\" aria-atomic=\"true\"><\/p> <ul><\/ul><\/div>\n<form action=\"\/pt-pt\/wp-json\/wp\/v2\/pages\/1508#wpcf7-f1453-o1\" method=\"post\" class=\"wpcf7-form init\" aria-label=\"Formul\u00e1rio de contacto\" novalidate=\"novalidate\" data-status=\"init\">\n<fieldset class=\"hidden-fields-container\"><input type=\"hidden\" name=\"_wpcf7\" value=\"1453\" \/><input type=\"hidden\" name=\"_wpcf7_version\" value=\"6.1.5\" \/><input type=\"hidden\" name=\"_wpcf7_locale\" value=\"pt_PT\" \/><input type=\"hidden\" name=\"_wpcf7_unit_tag\" value=\"wpcf7-f1453-o1\" \/><input type=\"hidden\" name=\"_wpcf7_container_post\" value=\"0\" \/><input type=\"hidden\" name=\"_wpcf7_posted_data_hash\" value=\"\" \/>\n<\/fieldset>\n<p><label> <span class=\"wpcf7-form-control-wrap\" data-name=\"nombre\"><input size=\"40\" maxlength=\"400\" class=\"wpcf7-form-control wpcf7-text wpcf7-validates-as-required\" aria-required=\"true\" aria-invalid=\"false\" placeholder=\"Nome e apelido\" value=\"\" type=\"text\" name=\"nombre\" \/><\/span> <\/label>\n<\/p>\n<p><label> <span class=\"wpcf7-form-control-wrap\" data-name=\"telefono\"><input size=\"40\" maxlength=\"400\" class=\"wpcf7-form-control wpcf7-tel wpcf7-text wpcf7-validates-as-tel\" aria-invalid=\"false\" placeholder=\"Telefone\" value=\"\" type=\"tel\" name=\"telefono\" \/><\/span> <\/label>\n<\/p>\n<p><label> <span class=\"wpcf7-form-control-wrap\" data-name=\"email\"><input size=\"40\" maxlength=\"400\" class=\"wpcf7-form-control wpcf7-email wpcf7-validates-as-required wpcf7-text wpcf7-validates-as-email\" aria-required=\"true\" aria-invalid=\"false\" placeholder=\"E-mail\" value=\"\" type=\"email\" name=\"email\" \/><\/span> <\/label>\n<\/p>\n<p><label> <span class=\"wpcf7-form-control-wrap\" data-name=\"message\"><textarea cols=\"40\" rows=\"10\" maxlength=\"2000\" class=\"wpcf7-form-control wpcf7-textarea wpcf7-validates-as-required\" aria-required=\"true\" aria-invalid=\"false\" placeholder=\"Mensagem\" name=\"message\"><\/textarea><\/span> <\/label>\n<\/p>\n<div class=\"contact-submit\">\n\t<p><span class=\"wpcf7-form-control-wrap\" data-name=\"acceptance-888\"><span class=\"wpcf7-form-control wpcf7-acceptance optional\"><span class=\"wpcf7-list-item\"><label><input type=\"checkbox\" name=\"acceptance-888\" value=\"1\" aria-invalid=\"false\" \/><span class=\"wpcf7-list-item-label\">Li e aceito a <a href=\"https:\/\/mendezberenguer.es\/pt-pt\/politica-de-privacidade\/\">pol\u00edtica de prote\u00e7\u00e3o de dados<\/a>.<\/span><\/label><\/span><\/span><\/span>\n\t<\/p>\n\t<p><input class=\"wpcf7-form-control wpcf7-submit has-spinner btn-m btn-primary uppercase\" type=\"submit\" value=\"Envia\" \/>\n\t<\/p>\n<\/div><div class=\"wpcf7-response-output\" aria-hidden=\"true\"><\/div>\n<\/form>\n<\/div>\n<\/div><style type=\"text\/css\">.fusion-body .fusion-builder-column-0{width:100% !important;margin-top : 0px;margin-bottom : 0px;}.fusion-builder-column-0 > .fusion-column-wrapper {padding-top : 0px !important;padding-right : 0px !important;margin-right : 1.92%;padding-bottom : 0px !important;padding-left : 0px !important;margin-left : 1.92%;}@media only screen and (max-width:1024px) {.fusion-body .fusion-builder-column-0{width:100% !important;order : 0;}.fusion-builder-column-0 > .fusion-column-wrapper {margin-right : 1.92%;margin-left : 1.92%;}}@media only screen and (max-width:640px) {.fusion-body .fusion-builder-column-0{width:100% !important;order : 0;}.fusion-builder-column-0 > .fusion-column-wrapper {margin-right : 1.92%;margin-left : 1.92%;}}<\/style><\/div><\/div><style type=\"text\/css\">.fusion-body .fusion-flex-container.fusion-builder-row-1{ padding-top : 0px;margin-top : 0px;padding-right : 0px;padding-bottom : 0px;margin-bottom : 0px;padding-left : 0px;}<\/style><\/div>\n","protected":false},"excerpt":{"rendered":"","protected":false},"author":1,"featured_media":1507,"parent":0,"menu_order":0,"comment_status":"closed","ping_status":"closed","template":"100-width.php","meta":{"_acf_changed":false,"footnotes":""},"class_list":["post-1508","page","type-page","status-publish","has-post-thumbnail","hentry"],"acf":[],"yoast_head":"<!-- This site is optimized with the Yoast SEO plugin v27.5 - https:\/\/yoast.com\/product\/yoast-seo-wordpress\/ -->\n<title>Contato - Neurocl\u00ednica M\u00e9ndez Berenguer<\/title>\n<meta name=\"robots\" content=\"index, follow, max-snippet:-1, max-image-preview:large, max-video-preview:-1\" \/>\n<link rel=\"canonical\" href=\"https:\/\/mendezberenguer.es\/pt-pt\/contacto\/\" \/>\n<meta property=\"og:locale\" content=\"pt_PT\" \/>\n<meta property=\"og:type\" content=\"article\" \/>\n<meta property=\"og:title\" content=\"Contato - Neurocl\u00ednica M\u00e9ndez Berenguer\" \/>\n<meta property=\"og:url\" content=\"https:\/\/mendezberenguer.es\/pt-pt\/contacto\/\" \/>\n<meta property=\"og:site_name\" content=\"Neurocl\u00ednica M\u00e9ndez Berenguer\" \/>\n<meta property=\"article:publisher\" content=\"https:\/\/www.facebook.com\/neuroclinicamendezberenguer\" \/>\n<meta property=\"article:modified_time\" content=\"2025-12-02T11:08:29+00:00\" \/>\n<meta property=\"og:image\" content=\"https:\/\/mendezberenguer.es\/wp-content\/uploads\/2022\/11\/Grupo-410.jpg\" \/>\n\t<meta property=\"og:image:width\" content=\"960\" \/>\n\t<meta property=\"og:image:height\" content=\"650\" \/>\n\t<meta property=\"og:image:type\" content=\"image\/jpeg\" \/>\n<meta name=\"twitter:card\" content=\"summary_large_image\" \/>\n<meta name=\"twitter:label1\" content=\"Tempo estimado de leitura\" \/>\n\t<meta name=\"twitter:data1\" content=\"3 minutos\" \/>\n<script type=\"application\/ld+json\" class=\"yoast-schema-graph\">{\"@context\":\"https:\\\/\\\/schema.org\",\"@graph\":[{\"@type\":\"WebPage\",\"@id\":\"https:\\\/\\\/mendezberenguer.es\\\/pt-pt\\\/contacto\\\/\",\"url\":\"https:\\\/\\\/mendezberenguer.es\\\/pt-pt\\\/contacto\\\/\",\"name\":\"Contato - Neurocl\u00ednica M\u00e9ndez Berenguer\",\"isPartOf\":{\"@id\":\"https:\\\/\\\/mendezberenguer.es\\\/pt-pt\\\/#website\"},\"primaryImageOfPage\":{\"@id\":\"https:\\\/\\\/mendezberenguer.es\\\/pt-pt\\\/contacto\\\/#primaryimage\"},\"image\":{\"@id\":\"https:\\\/\\\/mendezberenguer.es\\\/pt-pt\\\/contacto\\\/#primaryimage\"},\"thumbnailUrl\":\"https:\\\/\\\/mendezberenguer.es\\\/wp-content\\\/uploads\\\/2022\\\/11\\\/Grupo-410.jpg\",\"datePublished\":\"2025-11-04T11:02:27+00:00\",\"dateModified\":\"2025-12-02T11:08:29+00:00\",\"breadcrumb\":{\"@id\":\"https:\\\/\\\/mendezberenguer.es\\\/pt-pt\\\/contacto\\\/#breadcrumb\"},\"inLanguage\":\"pt-PT\",\"potentialAction\":[{\"@type\":\"ReadAction\",\"target\":[\"https:\\\/\\\/mendezberenguer.es\\\/pt-pt\\\/contacto\\\/\"]}]},{\"@type\":\"ImageObject\",\"inLanguage\":\"pt-PT\",\"@id\":\"https:\\\/\\\/mendezberenguer.es\\\/pt-pt\\\/contacto\\\/#primaryimage\",\"url\":\"https:\\\/\\\/mendezberenguer.es\\\/wp-content\\\/uploads\\\/2022\\\/11\\\/Grupo-410.jpg\",\"contentUrl\":\"https:\\\/\\\/mendezberenguer.es\\\/wp-content\\\/uploads\\\/2022\\\/11\\\/Grupo-410.jpg\",\"width\":960,\"height\":650},{\"@type\":\"BreadcrumbList\",\"@id\":\"https:\\\/\\\/mendezberenguer.es\\\/pt-pt\\\/contacto\\\/#breadcrumb\",\"itemListElement\":[{\"@type\":\"ListItem\",\"position\":1,\"name\":\"Portada\",\"item\":\"https:\\\/\\\/mendezberenguer.es\\\/pt-pt\\\/\"},{\"@type\":\"ListItem\",\"position\":2,\"name\":\"Contato\"}]},{\"@type\":\"WebSite\",\"@id\":\"https:\\\/\\\/mendezberenguer.es\\\/pt-pt\\\/#website\",\"url\":\"https:\\\/\\\/mendezberenguer.es\\\/pt-pt\\\/\",\"name\":\"Neurocl\u00ednica M\u00e9ndez Berenguer\",\"description\":\"Neurorehabilitaci\u00f3n en Badajoz\",\"publisher\":{\"@id\":\"https:\\\/\\\/mendezberenguer.es\\\/pt-pt\\\/#organization\"},\"potentialAction\":[{\"@type\":\"SearchAction\",\"target\":{\"@type\":\"EntryPoint\",\"urlTemplate\":\"https:\\\/\\\/mendezberenguer.es\\\/pt-pt\\\/?s={search_term_string}\"},\"query-input\":{\"@type\":\"PropertyValueSpecification\",\"valueRequired\":true,\"valueName\":\"search_term_string\"}}],\"inLanguage\":\"pt-PT\"},{\"@type\":\"Organization\",\"@id\":\"https:\\\/\\\/mendezberenguer.es\\\/pt-pt\\\/#organization\",\"name\":\"Neurocl\u00ednica M\u00e9ndez Berenguer\",\"url\":\"https:\\\/\\\/mendezberenguer.es\\\/pt-pt\\\/\",\"logo\":{\"@type\":\"ImageObject\",\"inLanguage\":\"pt-PT\",\"@id\":\"https:\\\/\\\/mendezberenguer.es\\\/pt-pt\\\/#\\\/schema\\\/logo\\\/image\\\/\",\"url\":\"https:\\\/\\\/mendezberenguer.es\\\/wp-content\\\/uploads\\\/2022\\\/11\\\/Logo-CMB_01.svg\",\"contentUrl\":\"https:\\\/\\\/mendezberenguer.es\\\/wp-content\\\/uploads\\\/2022\\\/11\\\/Logo-CMB_01.svg\",\"width\":231,\"height\":78,\"caption\":\"Neurocl\u00ednica M\u00e9ndez Berenguer\"},\"image\":{\"@id\":\"https:\\\/\\\/mendezberenguer.es\\\/pt-pt\\\/#\\\/schema\\\/logo\\\/image\\\/\"},\"sameAs\":[\"https:\\\/\\\/www.facebook.com\\\/neuroclinicamendezberenguer\",\"https:\\\/\\\/www.instagram.com\\\/neuroclinica_mendezberenguer\\\/\",\"https:\\\/\\\/www.youtube.com\\\/@neuroclinicamendezberengue6868\"]}]}<\/script>\n<!-- \/ Yoast SEO plugin. -->","yoast_head_json":{"title":"Contato - Neurocl\u00ednica M\u00e9ndez Berenguer","robots":{"index":"index","follow":"follow","max-snippet":"max-snippet:-1","max-image-preview":"max-image-preview:large","max-video-preview":"max-video-preview:-1"},"canonical":"https:\/\/mendezberenguer.es\/pt-pt\/contacto\/","og_locale":"pt_PT","og_type":"article","og_title":"Contato - Neurocl\u00ednica M\u00e9ndez Berenguer","og_url":"https:\/\/mendezberenguer.es\/pt-pt\/contacto\/","og_site_name":"Neurocl\u00ednica M\u00e9ndez Berenguer","article_publisher":"https:\/\/www.facebook.com\/neuroclinicamendezberenguer","article_modified_time":"2025-12-02T11:08:29+00:00","og_image":[{"width":960,"height":650,"url":"https:\/\/mendezberenguer.es\/wp-content\/uploads\/2022\/11\/Grupo-410.jpg","type":"image\/jpeg"}],"twitter_card":"summary_large_image","twitter_misc":{"Tempo estimado de leitura":"3 minutos"},"schema":{"@context":"https:\/\/schema.org","@graph":[{"@type":"WebPage","@id":"https:\/\/mendezberenguer.es\/pt-pt\/contacto\/","url":"https:\/\/mendezberenguer.es\/pt-pt\/contacto\/","name":"Contato - Neurocl\u00ednica M\u00e9ndez Berenguer","isPartOf":{"@id":"https:\/\/mendezberenguer.es\/pt-pt\/#website"},"primaryImageOfPage":{"@id":"https:\/\/mendezberenguer.es\/pt-pt\/contacto\/#primaryimage"},"image":{"@id":"https:\/\/mendezberenguer.es\/pt-pt\/contacto\/#primaryimage"},"thumbnailUrl":"https:\/\/mendezberenguer.es\/wp-content\/uploads\/2022\/11\/Grupo-410.jpg","datePublished":"2025-11-04T11:02:27+00:00","dateModified":"2025-12-02T11:08:29+00:00","breadcrumb":{"@id":"https:\/\/mendezberenguer.es\/pt-pt\/contacto\/#breadcrumb"},"inLanguage":"pt-PT","potentialAction":[{"@type":"ReadAction","target":["https:\/\/mendezberenguer.es\/pt-pt\/contacto\/"]}]},{"@type":"ImageObject","inLanguage":"pt-PT","@id":"https:\/\/mendezberenguer.es\/pt-pt\/contacto\/#primaryimage","url":"https:\/\/mendezberenguer.es\/wp-content\/uploads\/2022\/11\/Grupo-410.jpg","contentUrl":"https:\/\/mendezberenguer.es\/wp-content\/uploads\/2022\/11\/Grupo-410.jpg","width":960,"height":650},{"@type":"BreadcrumbList","@id":"https:\/\/mendezberenguer.es\/pt-pt\/contacto\/#breadcrumb","itemListElement":[{"@type":"ListItem","position":1,"name":"Portada","item":"https:\/\/mendezberenguer.es\/pt-pt\/"},{"@type":"ListItem","position":2,"name":"Contato"}]},{"@type":"WebSite","@id":"https:\/\/mendezberenguer.es\/pt-pt\/#website","url":"https:\/\/mendezberenguer.es\/pt-pt\/","name":"Neurocl\u00ednica M\u00e9ndez Berenguer","description":"Neurorehabilitaci\u00f3n en Badajoz","publisher":{"@id":"https:\/\/mendezberenguer.es\/pt-pt\/#organization"},"potentialAction":[{"@type":"SearchAction","target":{"@type":"EntryPoint","urlTemplate":"https:\/\/mendezberenguer.es\/pt-pt\/?s={search_term_string}"},"query-input":{"@type":"PropertyValueSpecification","valueRequired":true,"valueName":"search_term_string"}}],"inLanguage":"pt-PT"},{"@type":"Organization","@id":"https:\/\/mendezberenguer.es\/pt-pt\/#organization","name":"Neurocl\u00ednica M\u00e9ndez Berenguer","url":"https:\/\/mendezberenguer.es\/pt-pt\/","logo":{"@type":"ImageObject","inLanguage":"pt-PT","@id":"https:\/\/mendezberenguer.es\/pt-pt\/#\/schema\/logo\/image\/","url":"https:\/\/mendezberenguer.es\/wp-content\/uploads\/2022\/11\/Logo-CMB_01.svg","contentUrl":"https:\/\/mendezberenguer.es\/wp-content\/uploads\/2022\/11\/Logo-CMB_01.svg","width":231,"height":78,"caption":"Neurocl\u00ednica M\u00e9ndez Berenguer"},"image":{"@id":"https:\/\/mendezberenguer.es\/pt-pt\/#\/schema\/logo\/image\/"},"sameAs":["https:\/\/www.facebook.com\/neuroclinicamendezberenguer","https:\/\/www.instagram.com\/neuroclinica_mendezberenguer\/","https:\/\/www.youtube.com\/@neuroclinicamendezberengue6868"]}]}},"_links":{"self":[{"href":"https:\/\/mendezberenguer.es\/pt-pt\/wp-json\/wp\/v2\/pages\/1508","targetHints":{"allow":["GET"]}}],"collection":[{"href":"https:\/\/mendezberenguer.es\/pt-pt\/wp-json\/wp\/v2\/pages"}],"about":[{"href":"https:\/\/mendezberenguer.es\/pt-pt\/wp-json\/wp\/v2\/types\/page"}],"author":[{"embeddable":true,"href":"https:\/\/mendezberenguer.es\/pt-pt\/wp-json\/wp\/v2\/users\/1"}],"replies":[{"embeddable":true,"href":"https:\/\/mendezberenguer.es\/pt-pt\/wp-json\/wp\/v2\/comments?post=1508"}],"version-history":[{"count":14,"href":"https:\/\/mendezberenguer.es\/pt-pt\/wp-json\/wp\/v2\/pages\/1508\/revisions"}],"predecessor-version":[{"id":1796,"href":"https:\/\/mendezberenguer.es\/pt-pt\/wp-json\/wp\/v2\/pages\/1508\/revisions\/1796"}],"wp:featuredmedia":[{"embeddable":true,"href":"https:\/\/mendezberenguer.es\/pt-pt\/wp-json\/wp\/v2\/media\/1507"}],"wp:attachment":[{"href":"https:\/\/mendezberenguer.es\/pt-pt\/wp-json\/wp\/v2\/media?parent=1508"}],"curies":[{"name":"wp","href":"https:\/\/api.w.org\/{rel}","templated":true}]}}