{"id":1499,"date":"2025-11-04T11:39:48","date_gmt":"2025-11-04T10:39:48","guid":{"rendered":"https:\/\/mendezberenguer.es\/consejos-para-su-primera-cita\/"},"modified":"2025-12-02T10:12:40","modified_gmt":"2025-12-02T09:12:40","slug":"consejos-para-su-primera-cita","status":"publish","type":"page","link":"https:\/\/mendezberenguer.es\/pt-pt\/consejos-para-su-primera-cita\/","title":{"rendered":"Consejos para su primera cita"},"content":{"rendered":"<div class=\"fusion-fullwidth fullwidth-box fusion-builder-row-1 fusion-flex-container has-pattern-background has-mask-background nonhundred-percent-fullwidth non-hundred-percent-height-scrolling\" style=\"background-color: rgba(255,255,255,0);background-position: center center;background-repeat: no-repeat;border-width: 0px 0px 0px 0px;border-color:var(--awb-color3);border-style:solid;\" ><div class=\"fusion-builder-row fusion-row fusion-flex-align-items-flex-start\" style=\"max-width:1248px;margin-left: calc(-4% \/ 2 );margin-right: calc(-4% \/ 2 );\"><div class=\"fusion-layout-column fusion_builder_column fusion-builder-column-0 fusion_builder_column_1_1 1_1 fusion-flex-column\"><div class=\"fusion-column-wrapper fusion-flex-justify-content-flex-start fusion-content-layout-column\" style=\"background-position:left top;background-repeat:no-repeat;-webkit-background-size:cover;-moz-background-size:cover;-o-background-size:cover;background-size:cover;padding: 0px 0px 0px 0px;\"><style type=\"text\/css\">@media only screen and (max-width:1024px) {.fusion-title.fusion-title-1{margin-top:10px!important; margin-right:0px!important;margin-bottom:15px!important;margin-left:0px!important;}}@media only screen and (max-width:640px) {.fusion-title.fusion-title-1{margin-top:10px!important; margin-right:0px!important;margin-bottom:10px!important; margin-left:0px!important;}}<\/style><div class=\"fusion-title title fusion-title-1 fusion-sep-none fusion-title-text fusion-title-size-one\" style=\"margin-top:10px;margin-right:0px;margin-bottom:15px;margin-left:0px;\"><h1 class=\"title-heading-left fusion-responsive-typography-calculated\" style=\"margin:0;--fontSize:22;--minFontSize:22px;line-height:;\">Consejos para su primera cita<\/h1><\/div><style type=\"text\/css\">@media only screen and (max-width:1024px) {.fusion-title.fusion-title-2{margin-top:10px!important; margin-right:0px!important;margin-bottom:15px!important;margin-left:0px!important;}}@media only screen and (max-width:640px) {.fusion-title.fusion-title-2{margin-top:10px!important; margin-right:0px!important;margin-bottom:10px!important; margin-left:0px!important;}}<\/style><div class=\"fusion-title title fusion-title-2 fusion-sep-none fusion-title-text fusion-title-size-three\" style=\"margin-top:10px;margin-right:0px;margin-bottom:15px;margin-left:0px;\"><h3 class=\"title-heading-left fusion-responsive-typography-calculated\" style=\"margin:0;--fontSize:36;line-height:var(--awb-typography1-line-height);\">Se esta \u00e9 a primeira vez que voc\u00ea comparece a uma consulta m\u00e9dica na nossa cl\u00ednica, recomendamos que siga os seguintes conselhos:<\/h3><\/div><div class=\"fusion-text fusion-text-1 justify\" style=\"margin-top:1.5em;\"><p>\u25cf Traga todos os relat\u00f3rios m\u00e9dicos desta ou de outras especialidades que possam ser relevantes.<\/p>\n<p>\u25cf Traga igualmente todos os resultados de exames, tais como an\u00e1lises recentes, eletrocardiogramas, eco-doppler (se forem neurol\u00f3gicos), eletroencefalogramas, eletroneuromiografias, etc.<\/p>\n<p>\u25cf Se lhe foi realizado algum exame de imagem do cr\u00e2nio ou da coluna (Resson\u00e2ncia Magn\u00e9tica ou TAC), \u00e9 conveniente trazer \u00e0 consulta n\u00e3o apenas os relat\u00f3rios correspondentes, mas tamb\u00e9m as pr\u00f3prias imagens.<\/p>\n<p>\u25cf Fa\u00e7a uma lista de toda a medica\u00e7\u00e3o que esteja a tomar e traga anotadas as respetivas doses e formas de administra\u00e7\u00e3o.<\/p>\n<p>\u25cf N\u00e3o se esque\u00e7a de trazer \u00f3culos ou aparelhos auditivos, caso sejam necess\u00e1rios.<\/p>\n<p class=\"text-l\"><strong>Pense que todas essas informa\u00e7\u00f5es facilitar\u00e3o o atendimento m\u00e9dico.<\/strong><\/p>\n<\/div><\/div><style type=\"text\/css\">.fusion-body .fusion-builder-column-0{width:100% !important;margin-top : 0px;margin-bottom : 1.5em;}.fusion-builder-column-0 > .fusion-column-wrapper {padding-top : 0px !important;padding-right : 0px !important;margin-right : 1.92%;padding-bottom : 0px !important;padding-left : 0px !important;margin-left : 1.92%;}@media only screen and (max-width:1024px) {.fusion-body .fusion-builder-column-0{width:100% !important;order : 0;}.fusion-builder-column-0 > .fusion-column-wrapper {margin-right : 1.92%;margin-left : 1.92%;}}@media only screen and (max-width:640px) {.fusion-body .fusion-builder-column-0{width:100% !important;order : 0;}.fusion-builder-column-0 > .fusion-column-wrapper {margin-right : 1.92%;margin-left : 1.92%;}}<\/style><\/div><\/div><style type=\"text\/css\">.fusion-body .fusion-flex-container.fusion-builder-row-1{ padding-top : 0px;margin-top : 0px;padding-right : 0px;padding-bottom : 0px;margin-bottom : 0px;padding-left : 0px;}<\/style><\/div>\n","protected":false},"excerpt":{"rendered":"","protected":false},"author":1,"featured_media":1498,"parent":0,"menu_order":0,"comment_status":"closed","ping_status":"closed","template":"100-width.php","meta":{"_acf_changed":false,"footnotes":""},"class_list":["post-1499","page","type-page","status-publish","has-post-thumbnail","hentry"],"acf":[],"yoast_head":"<!-- This site is optimized with the Yoast SEO plugin v27.5 - https:\/\/yoast.com\/product\/yoast-seo-wordpress\/ -->\n<title>Consejos para su primera cita - Neurocl\u00ednica M\u00e9ndez Berenguer<\/title>\n<meta name=\"robots\" content=\"index, follow, max-snippet:-1, max-image-preview:large, max-video-preview:-1\" \/>\n<link rel=\"canonical\" href=\"https:\/\/mendezberenguer.es\/pt-pt\/consejos-para-su-primera-cita\/\" \/>\n<meta property=\"og:locale\" content=\"pt_PT\" \/>\n<meta property=\"og:type\" content=\"article\" \/>\n<meta property=\"og:title\" content=\"Consejos para su primera cita - Neurocl\u00ednica M\u00e9ndez Berenguer\" \/>\n<meta property=\"og:url\" content=\"https:\/\/mendezberenguer.es\/pt-pt\/consejos-para-su-primera-cita\/\" \/>\n<meta property=\"og:site_name\" content=\"Neurocl\u00ednica M\u00e9ndez Berenguer\" \/>\n<meta property=\"article:publisher\" content=\"https:\/\/www.facebook.com\/neuroclinicamendezberenguer\" \/>\n<meta property=\"article:modified_time\" content=\"2025-12-02T09:12:40+00:00\" \/>\n<meta property=\"og:image\" content=\"https:\/\/mendezberenguer.es\/wp-content\/uploads\/2022\/11\/Grupo-379.jpg\" \/>\n\t<meta property=\"og:image:width\" content=\"960\" \/>\n\t<meta property=\"og:image:height\" content=\"650\" \/>\n\t<meta property=\"og:image:type\" content=\"image\/jpeg\" \/>\n<meta name=\"twitter:card\" content=\"summary_large_image\" \/>\n<meta name=\"twitter:label1\" content=\"Tempo estimado de leitura\" \/>\n\t<meta name=\"twitter:data1\" content=\"4 minutos\" \/>\n<script type=\"application\/ld+json\" class=\"yoast-schema-graph\">{\"@context\":\"https:\\\/\\\/schema.org\",\"@graph\":[{\"@type\":\"WebPage\",\"@id\":\"https:\\\/\\\/mendezberenguer.es\\\/pt-pt\\\/consejos-para-su-primera-cita\\\/\",\"url\":\"https:\\\/\\\/mendezberenguer.es\\\/pt-pt\\\/consejos-para-su-primera-cita\\\/\",\"name\":\"Consejos para su primera cita - Neurocl\u00ednica M\u00e9ndez Berenguer\",\"isPartOf\":{\"@id\":\"https:\\\/\\\/mendezberenguer.es\\\/pt-pt\\\/#website\"},\"primaryImageOfPage\":{\"@id\":\"https:\\\/\\\/mendezberenguer.es\\\/pt-pt\\\/consejos-para-su-primera-cita\\\/#primaryimage\"},\"image\":{\"@id\":\"https:\\\/\\\/mendezberenguer.es\\\/pt-pt\\\/consejos-para-su-primera-cita\\\/#primaryimage\"},\"thumbnailUrl\":\"https:\\\/\\\/mendezberenguer.es\\\/wp-content\\\/uploads\\\/2022\\\/11\\\/Grupo-379.jpg\",\"datePublished\":\"2025-11-04T10:39:48+00:00\",\"dateModified\":\"2025-12-02T09:12:40+00:00\",\"breadcrumb\":{\"@id\":\"https:\\\/\\\/mendezberenguer.es\\\/pt-pt\\\/consejos-para-su-primera-cita\\\/#breadcrumb\"},\"inLanguage\":\"pt-PT\",\"potentialAction\":[{\"@type\":\"ReadAction\",\"target\":[\"https:\\\/\\\/mendezberenguer.es\\\/pt-pt\\\/consejos-para-su-primera-cita\\\/\"]}]},{\"@type\":\"ImageObject\",\"inLanguage\":\"pt-PT\",\"@id\":\"https:\\\/\\\/mendezberenguer.es\\\/pt-pt\\\/consejos-para-su-primera-cita\\\/#primaryimage\",\"url\":\"https:\\\/\\\/mendezberenguer.es\\\/wp-content\\\/uploads\\\/2022\\\/11\\\/Grupo-379.jpg\",\"contentUrl\":\"https:\\\/\\\/mendezberenguer.es\\\/wp-content\\\/uploads\\\/2022\\\/11\\\/Grupo-379.jpg\",\"width\":960,\"height\":650},{\"@type\":\"BreadcrumbList\",\"@id\":\"https:\\\/\\\/mendezberenguer.es\\\/pt-pt\\\/consejos-para-su-primera-cita\\\/#breadcrumb\",\"itemListElement\":[{\"@type\":\"ListItem\",\"position\":1,\"name\":\"Portada\",\"item\":\"https:\\\/\\\/mendezberenguer.es\\\/pt-pt\\\/\"},{\"@type\":\"ListItem\",\"position\":2,\"name\":\"Consejos para su primera cita\"}]},{\"@type\":\"WebSite\",\"@id\":\"https:\\\/\\\/mendezberenguer.es\\\/pt-pt\\\/#website\",\"url\":\"https:\\\/\\\/mendezberenguer.es\\\/pt-pt\\\/\",\"name\":\"Neurocl\u00ednica M\u00e9ndez Berenguer\",\"description\":\"Neurorehabilitaci\u00f3n en Badajoz\",\"publisher\":{\"@id\":\"https:\\\/\\\/mendezberenguer.es\\\/pt-pt\\\/#organization\"},\"potentialAction\":[{\"@type\":\"SearchAction\",\"target\":{\"@type\":\"EntryPoint\",\"urlTemplate\":\"https:\\\/\\\/mendezberenguer.es\\\/pt-pt\\\/?s={search_term_string}\"},\"query-input\":{\"@type\":\"PropertyValueSpecification\",\"valueRequired\":true,\"valueName\":\"search_term_string\"}}],\"inLanguage\":\"pt-PT\"},{\"@type\":\"Organization\",\"@id\":\"https:\\\/\\\/mendezberenguer.es\\\/pt-pt\\\/#organization\",\"name\":\"Neurocl\u00ednica M\u00e9ndez Berenguer\",\"url\":\"https:\\\/\\\/mendezberenguer.es\\\/pt-pt\\\/\",\"logo\":{\"@type\":\"ImageObject\",\"inLanguage\":\"pt-PT\",\"@id\":\"https:\\\/\\\/mendezberenguer.es\\\/pt-pt\\\/#\\\/schema\\\/logo\\\/image\\\/\",\"url\":\"https:\\\/\\\/mendezberenguer.es\\\/wp-content\\\/uploads\\\/2022\\\/11\\\/Logo-CMB_01.svg\",\"contentUrl\":\"https:\\\/\\\/mendezberenguer.es\\\/wp-content\\\/uploads\\\/2022\\\/11\\\/Logo-CMB_01.svg\",\"width\":231,\"height\":78,\"caption\":\"Neurocl\u00ednica M\u00e9ndez Berenguer\"},\"image\":{\"@id\":\"https:\\\/\\\/mendezberenguer.es\\\/pt-pt\\\/#\\\/schema\\\/logo\\\/image\\\/\"},\"sameAs\":[\"https:\\\/\\\/www.facebook.com\\\/neuroclinicamendezberenguer\",\"https:\\\/\\\/www.instagram.com\\\/neuroclinica_mendezberenguer\\\/\",\"https:\\\/\\\/www.youtube.com\\\/@neuroclinicamendezberengue6868\"]}]}<\/script>\n<!-- \/ Yoast SEO plugin. -->","yoast_head_json":{"title":"Consejos para su primera cita - Neurocl\u00ednica M\u00e9ndez Berenguer","robots":{"index":"index","follow":"follow","max-snippet":"max-snippet:-1","max-image-preview":"max-image-preview:large","max-video-preview":"max-video-preview:-1"},"canonical":"https:\/\/mendezberenguer.es\/pt-pt\/consejos-para-su-primera-cita\/","og_locale":"pt_PT","og_type":"article","og_title":"Consejos para su primera cita - Neurocl\u00ednica M\u00e9ndez Berenguer","og_url":"https:\/\/mendezberenguer.es\/pt-pt\/consejos-para-su-primera-cita\/","og_site_name":"Neurocl\u00ednica M\u00e9ndez Berenguer","article_publisher":"https:\/\/www.facebook.com\/neuroclinicamendezberenguer","article_modified_time":"2025-12-02T09:12:40+00:00","og_image":[{"width":960,"height":650,"url":"https:\/\/mendezberenguer.es\/wp-content\/uploads\/2022\/11\/Grupo-379.jpg","type":"image\/jpeg"}],"twitter_card":"summary_large_image","twitter_misc":{"Tempo estimado de leitura":"4 minutos"},"schema":{"@context":"https:\/\/schema.org","@graph":[{"@type":"WebPage","@id":"https:\/\/mendezberenguer.es\/pt-pt\/consejos-para-su-primera-cita\/","url":"https:\/\/mendezberenguer.es\/pt-pt\/consejos-para-su-primera-cita\/","name":"Consejos para su primera cita - Neurocl\u00ednica M\u00e9ndez Berenguer","isPartOf":{"@id":"https:\/\/mendezberenguer.es\/pt-pt\/#website"},"primaryImageOfPage":{"@id":"https:\/\/mendezberenguer.es\/pt-pt\/consejos-para-su-primera-cita\/#primaryimage"},"image":{"@id":"https:\/\/mendezberenguer.es\/pt-pt\/consejos-para-su-primera-cita\/#primaryimage"},"thumbnailUrl":"https:\/\/mendezberenguer.es\/wp-content\/uploads\/2022\/11\/Grupo-379.jpg","datePublished":"2025-11-04T10:39:48+00:00","dateModified":"2025-12-02T09:12:40+00:00","breadcrumb":{"@id":"https:\/\/mendezberenguer.es\/pt-pt\/consejos-para-su-primera-cita\/#breadcrumb"},"inLanguage":"pt-PT","potentialAction":[{"@type":"ReadAction","target":["https:\/\/mendezberenguer.es\/pt-pt\/consejos-para-su-primera-cita\/"]}]},{"@type":"ImageObject","inLanguage":"pt-PT","@id":"https:\/\/mendezberenguer.es\/pt-pt\/consejos-para-su-primera-cita\/#primaryimage","url":"https:\/\/mendezberenguer.es\/wp-content\/uploads\/2022\/11\/Grupo-379.jpg","contentUrl":"https:\/\/mendezberenguer.es\/wp-content\/uploads\/2022\/11\/Grupo-379.jpg","width":960,"height":650},{"@type":"BreadcrumbList","@id":"https:\/\/mendezberenguer.es\/pt-pt\/consejos-para-su-primera-cita\/#breadcrumb","itemListElement":[{"@type":"ListItem","position":1,"name":"Portada","item":"https:\/\/mendezberenguer.es\/pt-pt\/"},{"@type":"ListItem","position":2,"name":"Consejos para su primera cita"}]},{"@type":"WebSite","@id":"https:\/\/mendezberenguer.es\/pt-pt\/#website","url":"https:\/\/mendezberenguer.es\/pt-pt\/","name":"Neurocl\u00ednica M\u00e9ndez Berenguer","description":"Neurorehabilitaci\u00f3n en Badajoz","publisher":{"@id":"https:\/\/mendezberenguer.es\/pt-pt\/#organization"},"potentialAction":[{"@type":"SearchAction","target":{"@type":"EntryPoint","urlTemplate":"https:\/\/mendezberenguer.es\/pt-pt\/?s={search_term_string}"},"query-input":{"@type":"PropertyValueSpecification","valueRequired":true,"valueName":"search_term_string"}}],"inLanguage":"pt-PT"},{"@type":"Organization","@id":"https:\/\/mendezberenguer.es\/pt-pt\/#organization","name":"Neurocl\u00ednica M\u00e9ndez Berenguer","url":"https:\/\/mendezberenguer.es\/pt-pt\/","logo":{"@type":"ImageObject","inLanguage":"pt-PT","@id":"https:\/\/mendezberenguer.es\/pt-pt\/#\/schema\/logo\/image\/","url":"https:\/\/mendezberenguer.es\/wp-content\/uploads\/2022\/11\/Logo-CMB_01.svg","contentUrl":"https:\/\/mendezberenguer.es\/wp-content\/uploads\/2022\/11\/Logo-CMB_01.svg","width":231,"height":78,"caption":"Neurocl\u00ednica M\u00e9ndez Berenguer"},"image":{"@id":"https:\/\/mendezberenguer.es\/pt-pt\/#\/schema\/logo\/image\/"},"sameAs":["https:\/\/www.facebook.com\/neuroclinicamendezberenguer","https:\/\/www.instagram.com\/neuroclinica_mendezberenguer\/","https:\/\/www.youtube.com\/@neuroclinicamendezberengue6868"]}]}},"_links":{"self":[{"href":"https:\/\/mendezberenguer.es\/pt-pt\/wp-json\/wp\/v2\/pages\/1499","targetHints":{"allow":["GET"]}}],"collection":[{"href":"https:\/\/mendezberenguer.es\/pt-pt\/wp-json\/wp\/v2\/pages"}],"about":[{"href":"https:\/\/mendezberenguer.es\/pt-pt\/wp-json\/wp\/v2\/types\/page"}],"author":[{"embeddable":true,"href":"https:\/\/mendezberenguer.es\/pt-pt\/wp-json\/wp\/v2\/users\/1"}],"replies":[{"embeddable":true,"href":"https:\/\/mendezberenguer.es\/pt-pt\/wp-json\/wp\/v2\/comments?post=1499"}],"version-history":[{"count":14,"href":"https:\/\/mendezberenguer.es\/pt-pt\/wp-json\/wp\/v2\/pages\/1499\/revisions"}],"predecessor-version":[{"id":1743,"href":"https:\/\/mendezberenguer.es\/pt-pt\/wp-json\/wp\/v2\/pages\/1499\/revisions\/1743"}],"wp:featuredmedia":[{"embeddable":true,"href":"https:\/\/mendezberenguer.es\/pt-pt\/wp-json\/wp\/v2\/media\/1498"}],"wp:attachment":[{"href":"https:\/\/mendezberenguer.es\/pt-pt\/wp-json\/wp\/v2\/media?parent=1499"}],"curies":[{"name":"wp","href":"https:\/\/api.w.org\/{rel}","templated":true}]}}