{"id":1450,"date":"2025-10-17T11:20:01","date_gmt":"2025-10-17T10:20:01","guid":{"rendered":"https:\/\/mendezberenguer.es\/politica-de-qualidade\/"},"modified":"2025-12-02T10:44:15","modified_gmt":"2025-12-02T09:44:15","slug":"politica-de-qualidade","status":"publish","type":"page","link":"https:\/\/mendezberenguer.es\/pt-pt\/politica-de-qualidade\/","title":{"rendered":"Pol\u00edtica de qualidade"},"content":{"rendered":"<div class=\"fusion-fullwidth fullwidth-box fusion-builder-row-1 fusion-flex-container has-pattern-background has-mask-background nonhundred-percent-fullwidth non-hundred-percent-height-scrolling\" style=\"background-color: rgba(255,255,255,0);background-position: center center;background-repeat: no-repeat;border-width: 0px 0px 0px 0px;border-color:var(--awb-color3);border-style:solid;\" ><div class=\"fusion-builder-row fusion-row fusion-flex-align-items-flex-start\" style=\"max-width:1248px;margin-left: calc(-4% \/ 2 );margin-right: calc(-4% \/ 2 );\"><div class=\"fusion-layout-column fusion_builder_column fusion-builder-column-0 fusion_builder_column_1_1 1_1 fusion-flex-column\"><div class=\"fusion-column-wrapper fusion-flex-justify-content-flex-start fusion-content-layout-column\" style=\"background-position:left top;background-repeat:no-repeat;-webkit-background-size:cover;-moz-background-size:cover;-o-background-size:cover;background-size:cover;padding: 0px 0px 0px 0px;\"><style type=\"text\/css\">@media only screen and (max-width:1024px) {.fusion-title.fusion-title-1{margin-top:10px!important; margin-right:0px!important;margin-bottom:15px!important;margin-left:0px!important;}}@media only screen and (max-width:640px) {.fusion-title.fusion-title-1{margin-top:10px!important; margin-right:0px!important;margin-bottom:10px!important; margin-left:0px!important;}}<\/style><div class=\"fusion-title title fusion-title-1 fusion-sep-none fusion-title-text fusion-title-size-one\" style=\"margin-top:10px;margin-right:0px;margin-bottom:15px;margin-left:0px;\"><h1 class=\"title-heading-left fusion-responsive-typography-calculated\" style=\"margin:0;--fontSize:22;--minFontSize:22px;line-height:;\">Pol\u00edtica de qualidade<\/h1><\/div><div class=\"fusion-text fusion-text-1 justify\"><p>A Neurocl\u00ednica M\u00e9ndez Berenguer baseia a sua Pol\u00edtica de Qualidade na procura da melhoria cont\u00ednua do centro (nos seus recursos, meios e protocolos) em prol de uma melhoria constante dos cuidados prestados. Por isso, aderimos aos seguintes princ\u00edpios de a\u00e7\u00e3o: <\/p>\n<p>O doente \u00e9 a nossa prioridade, pelo que tentamos garantir a sua satisfa\u00e7\u00e3o atrav\u00e9s da implementa\u00e7\u00e3o e monitoriza\u00e7\u00e3o de um modelo de qualidade pr\u00f3prio que visa n\u00e3o s\u00f3 a presta\u00e7\u00e3o de cuidados de sa\u00fade especializados em Neurologia e Neuroreabilita\u00e7\u00e3o, mas tamb\u00e9m outras actividades que possam acrescentar valor a este servi\u00e7o, como o esfor\u00e7o de apoio humano ao doente e \u00e0 sua fam\u00edlia.<\/p>\n<p>Cumprir todos os requisitos legais para oferecer um servi\u00e7o de cuidados de qualidade a partir de uma organiza\u00e7\u00e3o exemplar na sua efici\u00eancia e envolvimento, o que se reflecte na pr\u00e1tica profissional de valores que tornam o nosso compromisso com o profissionalismo, a auto-exig\u00eancia, a dedica\u00e7\u00e3o, a experi\u00eancia, a qualidade t\u00e9cnico-cient\u00edfica e a aten\u00e7\u00e3o personalizada uma realidade para os doentes e as suas fam\u00edlias.<\/p>\n<p>Tamb\u00e9m acreditamos na necessidade de uma melhoria planeada e sistem\u00e1tica do modelo de qualidade com base em dados objectivos e feedback cont\u00ednuo em todas as \u00e1reas da nossa organiza\u00e7\u00e3o e disciplinas de trabalho.<\/p>\n<p>Por isso, damos grande aten\u00e7\u00e3o \u00e0 forma\u00e7\u00e3o e educa\u00e7\u00e3o do nosso pessoal, como meio necess\u00e1rio para a melhoria constante dos nossos servi\u00e7os, com o objetivo de alcan\u00e7ar a satisfa\u00e7\u00e3o e a confian\u00e7a de todos os pacientes atendidos nesta cl\u00ednica.<\/p>\n<p>Da parte da Dire\u00e7\u00e3o da Neurocl\u00ednica M\u00e9ndez Berenguer, e porque acreditamos que uma comunica\u00e7\u00e3o adequada \u00e9 essencial para progredir na melhoria da qualidade, asseguramos que esta Pol\u00edtica de Qualidade \u00e9 conhecida e compreendida por todo o pessoal que trabalha nesta cl\u00ednica, pelo que asseguramos a sua difus\u00e3o e atualiza\u00e7\u00e3o.<\/p>\n<\/div><\/div><style type=\"text\/css\">.fusion-body .fusion-builder-column-0{width:100% !important;margin-top : 0px;margin-bottom : 1.5em;}.fusion-builder-column-0 > .fusion-column-wrapper {padding-top : 0px !important;padding-right : 0px !important;margin-right : 1.92%;padding-bottom : 0px !important;padding-left : 0px !important;margin-left : 1.92%;}@media only screen and (max-width:1024px) {.fusion-body .fusion-builder-column-0{width:100% !important;order : 0;}.fusion-builder-column-0 > .fusion-column-wrapper {margin-right : 1.92%;margin-left : 1.92%;}}@media only screen and (max-width:640px) {.fusion-body .fusion-builder-column-0{width:100% !important;order : 0;}.fusion-builder-column-0 > .fusion-column-wrapper {margin-right : 1.92%;margin-left : 1.92%;}}<\/style><\/div><\/div><style type=\"text\/css\">.fusion-body .fusion-flex-container.fusion-builder-row-1{ padding-top : 0px;margin-top : 0px;padding-right : 0px;padding-bottom : 0px;margin-bottom : 0px;padding-left : 0px;}<\/style><\/div>\n","protected":false},"excerpt":{"rendered":"","protected":false},"author":1,"featured_media":1447,"parent":0,"menu_order":0,"comment_status":"closed","ping_status":"closed","template":"100-width.php","meta":{"_acf_changed":false,"footnotes":""},"class_list":["post-1450","page","type-page","status-publish","has-post-thumbnail","hentry"],"acf":[],"yoast_head":"<!-- This site is optimized with the Yoast SEO plugin v27.5 - https:\/\/yoast.com\/product\/yoast-seo-wordpress\/ -->\n<title>Pol\u00edtica de qualidade - Neurocl\u00ednica M\u00e9ndez Berenguer<\/title>\n<meta name=\"robots\" content=\"index, follow, max-snippet:-1, max-image-preview:large, max-video-preview:-1\" \/>\n<link rel=\"canonical\" href=\"https:\/\/mendezberenguer.es\/pt-pt\/politica-de-qualidade\/\" \/>\n<meta property=\"og:locale\" content=\"pt_PT\" \/>\n<meta property=\"og:type\" content=\"article\" \/>\n<meta property=\"og:title\" content=\"Pol\u00edtica de qualidade - Neurocl\u00ednica M\u00e9ndez Berenguer\" \/>\n<meta property=\"og:url\" content=\"https:\/\/mendezberenguer.es\/pt-pt\/politica-de-qualidade\/\" \/>\n<meta property=\"og:site_name\" content=\"Neurocl\u00ednica M\u00e9ndez Berenguer\" \/>\n<meta property=\"article:publisher\" content=\"https:\/\/www.facebook.com\/neuroclinicamendezberenguer\" \/>\n<meta property=\"article:modified_time\" content=\"2025-12-02T09:44:15+00:00\" \/>\n<meta property=\"og:image\" content=\"https:\/\/mendezberenguer.es\/wp-content\/uploads\/2022\/11\/Fachada-Mendez.jpg\" \/>\n\t<meta property=\"og:image:width\" content=\"1873\" \/>\n\t<meta property=\"og:image:height\" content=\"1173\" \/>\n\t<meta property=\"og:image:type\" content=\"image\/jpeg\" \/>\n<meta name=\"twitter:card\" content=\"summary_large_image\" \/>\n<meta name=\"twitter:label1\" content=\"Tempo estimado de leitura\" \/>\n\t<meta name=\"twitter:data1\" content=\"4 minutos\" \/>\n<script type=\"application\/ld+json\" class=\"yoast-schema-graph\">{\"@context\":\"https:\\\/\\\/schema.org\",\"@graph\":[{\"@type\":\"WebPage\",\"@id\":\"https:\\\/\\\/mendezberenguer.es\\\/pt-pt\\\/politica-de-qualidade\\\/\",\"url\":\"https:\\\/\\\/mendezberenguer.es\\\/pt-pt\\\/politica-de-qualidade\\\/\",\"name\":\"Pol\u00edtica de qualidade - Neurocl\u00ednica M\u00e9ndez Berenguer\",\"isPartOf\":{\"@id\":\"https:\\\/\\\/mendezberenguer.es\\\/pt-pt\\\/#website\"},\"primaryImageOfPage\":{\"@id\":\"https:\\\/\\\/mendezberenguer.es\\\/pt-pt\\\/politica-de-qualidade\\\/#primaryimage\"},\"image\":{\"@id\":\"https:\\\/\\\/mendezberenguer.es\\\/pt-pt\\\/politica-de-qualidade\\\/#primaryimage\"},\"thumbnailUrl\":\"https:\\\/\\\/mendezberenguer.es\\\/wp-content\\\/uploads\\\/2022\\\/11\\\/Fachada-Mendez.jpg\",\"datePublished\":\"2025-10-17T10:20:01+00:00\",\"dateModified\":\"2025-12-02T09:44:15+00:00\",\"breadcrumb\":{\"@id\":\"https:\\\/\\\/mendezberenguer.es\\\/pt-pt\\\/politica-de-qualidade\\\/#breadcrumb\"},\"inLanguage\":\"pt-PT\",\"potentialAction\":[{\"@type\":\"ReadAction\",\"target\":[\"https:\\\/\\\/mendezberenguer.es\\\/pt-pt\\\/politica-de-qualidade\\\/\"]}]},{\"@type\":\"ImageObject\",\"inLanguage\":\"pt-PT\",\"@id\":\"https:\\\/\\\/mendezberenguer.es\\\/pt-pt\\\/politica-de-qualidade\\\/#primaryimage\",\"url\":\"https:\\\/\\\/mendezberenguer.es\\\/wp-content\\\/uploads\\\/2022\\\/11\\\/Fachada-Mendez.jpg\",\"contentUrl\":\"https:\\\/\\\/mendezberenguer.es\\\/wp-content\\\/uploads\\\/2022\\\/11\\\/Fachada-Mendez.jpg\",\"width\":1873,\"height\":1173},{\"@type\":\"BreadcrumbList\",\"@id\":\"https:\\\/\\\/mendezberenguer.es\\\/pt-pt\\\/politica-de-qualidade\\\/#breadcrumb\",\"itemListElement\":[{\"@type\":\"ListItem\",\"position\":1,\"name\":\"Portada\",\"item\":\"https:\\\/\\\/mendezberenguer.es\\\/pt-pt\\\/\"},{\"@type\":\"ListItem\",\"position\":2,\"name\":\"Pol\u00edtica de qualidade\"}]},{\"@type\":\"WebSite\",\"@id\":\"https:\\\/\\\/mendezberenguer.es\\\/pt-pt\\\/#website\",\"url\":\"https:\\\/\\\/mendezberenguer.es\\\/pt-pt\\\/\",\"name\":\"Neurocl\u00ednica M\u00e9ndez Berenguer\",\"description\":\"Neurorehabilitaci\u00f3n en Badajoz\",\"publisher\":{\"@id\":\"https:\\\/\\\/mendezberenguer.es\\\/pt-pt\\\/#organization\"},\"potentialAction\":[{\"@type\":\"SearchAction\",\"target\":{\"@type\":\"EntryPoint\",\"urlTemplate\":\"https:\\\/\\\/mendezberenguer.es\\\/pt-pt\\\/?s={search_term_string}\"},\"query-input\":{\"@type\":\"PropertyValueSpecification\",\"valueRequired\":true,\"valueName\":\"search_term_string\"}}],\"inLanguage\":\"pt-PT\"},{\"@type\":\"Organization\",\"@id\":\"https:\\\/\\\/mendezberenguer.es\\\/pt-pt\\\/#organization\",\"name\":\"Neurocl\u00ednica M\u00e9ndez Berenguer\",\"url\":\"https:\\\/\\\/mendezberenguer.es\\\/pt-pt\\\/\",\"logo\":{\"@type\":\"ImageObject\",\"inLanguage\":\"pt-PT\",\"@id\":\"https:\\\/\\\/mendezberenguer.es\\\/pt-pt\\\/#\\\/schema\\\/logo\\\/image\\\/\",\"url\":\"https:\\\/\\\/mendezberenguer.es\\\/wp-content\\\/uploads\\\/2022\\\/11\\\/Logo-CMB_01.svg\",\"contentUrl\":\"https:\\\/\\\/mendezberenguer.es\\\/wp-content\\\/uploads\\\/2022\\\/11\\\/Logo-CMB_01.svg\",\"width\":231,\"height\":78,\"caption\":\"Neurocl\u00ednica M\u00e9ndez Berenguer\"},\"image\":{\"@id\":\"https:\\\/\\\/mendezberenguer.es\\\/pt-pt\\\/#\\\/schema\\\/logo\\\/image\\\/\"},\"sameAs\":[\"https:\\\/\\\/www.facebook.com\\\/neuroclinicamendezberenguer\",\"https:\\\/\\\/www.instagram.com\\\/neuroclinica_mendezberenguer\\\/\",\"https:\\\/\\\/www.youtube.com\\\/@neuroclinicamendezberengue6868\"]}]}<\/script>\n<!-- \/ Yoast SEO plugin. -->","yoast_head_json":{"title":"Pol\u00edtica de qualidade - Neurocl\u00ednica M\u00e9ndez Berenguer","robots":{"index":"index","follow":"follow","max-snippet":"max-snippet:-1","max-image-preview":"max-image-preview:large","max-video-preview":"max-video-preview:-1"},"canonical":"https:\/\/mendezberenguer.es\/pt-pt\/politica-de-qualidade\/","og_locale":"pt_PT","og_type":"article","og_title":"Pol\u00edtica de qualidade - Neurocl\u00ednica M\u00e9ndez Berenguer","og_url":"https:\/\/mendezberenguer.es\/pt-pt\/politica-de-qualidade\/","og_site_name":"Neurocl\u00ednica M\u00e9ndez Berenguer","article_publisher":"https:\/\/www.facebook.com\/neuroclinicamendezberenguer","article_modified_time":"2025-12-02T09:44:15+00:00","og_image":[{"width":1873,"height":1173,"url":"https:\/\/mendezberenguer.es\/wp-content\/uploads\/2022\/11\/Fachada-Mendez.jpg","type":"image\/jpeg"}],"twitter_card":"summary_large_image","twitter_misc":{"Tempo estimado de leitura":"4 minutos"},"schema":{"@context":"https:\/\/schema.org","@graph":[{"@type":"WebPage","@id":"https:\/\/mendezberenguer.es\/pt-pt\/politica-de-qualidade\/","url":"https:\/\/mendezberenguer.es\/pt-pt\/politica-de-qualidade\/","name":"Pol\u00edtica de qualidade - Neurocl\u00ednica M\u00e9ndez Berenguer","isPartOf":{"@id":"https:\/\/mendezberenguer.es\/pt-pt\/#website"},"primaryImageOfPage":{"@id":"https:\/\/mendezberenguer.es\/pt-pt\/politica-de-qualidade\/#primaryimage"},"image":{"@id":"https:\/\/mendezberenguer.es\/pt-pt\/politica-de-qualidade\/#primaryimage"},"thumbnailUrl":"https:\/\/mendezberenguer.es\/wp-content\/uploads\/2022\/11\/Fachada-Mendez.jpg","datePublished":"2025-10-17T10:20:01+00:00","dateModified":"2025-12-02T09:44:15+00:00","breadcrumb":{"@id":"https:\/\/mendezberenguer.es\/pt-pt\/politica-de-qualidade\/#breadcrumb"},"inLanguage":"pt-PT","potentialAction":[{"@type":"ReadAction","target":["https:\/\/mendezberenguer.es\/pt-pt\/politica-de-qualidade\/"]}]},{"@type":"ImageObject","inLanguage":"pt-PT","@id":"https:\/\/mendezberenguer.es\/pt-pt\/politica-de-qualidade\/#primaryimage","url":"https:\/\/mendezberenguer.es\/wp-content\/uploads\/2022\/11\/Fachada-Mendez.jpg","contentUrl":"https:\/\/mendezberenguer.es\/wp-content\/uploads\/2022\/11\/Fachada-Mendez.jpg","width":1873,"height":1173},{"@type":"BreadcrumbList","@id":"https:\/\/mendezberenguer.es\/pt-pt\/politica-de-qualidade\/#breadcrumb","itemListElement":[{"@type":"ListItem","position":1,"name":"Portada","item":"https:\/\/mendezberenguer.es\/pt-pt\/"},{"@type":"ListItem","position":2,"name":"Pol\u00edtica de qualidade"}]},{"@type":"WebSite","@id":"https:\/\/mendezberenguer.es\/pt-pt\/#website","url":"https:\/\/mendezberenguer.es\/pt-pt\/","name":"Neurocl\u00ednica M\u00e9ndez Berenguer","description":"Neurorehabilitaci\u00f3n en Badajoz","publisher":{"@id":"https:\/\/mendezberenguer.es\/pt-pt\/#organization"},"potentialAction":[{"@type":"SearchAction","target":{"@type":"EntryPoint","urlTemplate":"https:\/\/mendezberenguer.es\/pt-pt\/?s={search_term_string}"},"query-input":{"@type":"PropertyValueSpecification","valueRequired":true,"valueName":"search_term_string"}}],"inLanguage":"pt-PT"},{"@type":"Organization","@id":"https:\/\/mendezberenguer.es\/pt-pt\/#organization","name":"Neurocl\u00ednica M\u00e9ndez Berenguer","url":"https:\/\/mendezberenguer.es\/pt-pt\/","logo":{"@type":"ImageObject","inLanguage":"pt-PT","@id":"https:\/\/mendezberenguer.es\/pt-pt\/#\/schema\/logo\/image\/","url":"https:\/\/mendezberenguer.es\/wp-content\/uploads\/2022\/11\/Logo-CMB_01.svg","contentUrl":"https:\/\/mendezberenguer.es\/wp-content\/uploads\/2022\/11\/Logo-CMB_01.svg","width":231,"height":78,"caption":"Neurocl\u00ednica M\u00e9ndez Berenguer"},"image":{"@id":"https:\/\/mendezberenguer.es\/pt-pt\/#\/schema\/logo\/image\/"},"sameAs":["https:\/\/www.facebook.com\/neuroclinicamendezberenguer","https:\/\/www.instagram.com\/neuroclinica_mendezberenguer\/","https:\/\/www.youtube.com\/@neuroclinicamendezberengue6868"]}]}},"_links":{"self":[{"href":"https:\/\/mendezberenguer.es\/pt-pt\/wp-json\/wp\/v2\/pages\/1450","targetHints":{"allow":["GET"]}}],"collection":[{"href":"https:\/\/mendezberenguer.es\/pt-pt\/wp-json\/wp\/v2\/pages"}],"about":[{"href":"https:\/\/mendezberenguer.es\/pt-pt\/wp-json\/wp\/v2\/types\/page"}],"author":[{"embeddable":true,"href":"https:\/\/mendezberenguer.es\/pt-pt\/wp-json\/wp\/v2\/users\/1"}],"replies":[{"embeddable":true,"href":"https:\/\/mendezberenguer.es\/pt-pt\/wp-json\/wp\/v2\/comments?post=1450"}],"version-history":[{"count":8,"href":"https:\/\/mendezberenguer.es\/pt-pt\/wp-json\/wp\/v2\/pages\/1450\/revisions"}],"predecessor-version":[{"id":1776,"href":"https:\/\/mendezberenguer.es\/pt-pt\/wp-json\/wp\/v2\/pages\/1450\/revisions\/1776"}],"wp:featuredmedia":[{"embeddable":true,"href":"https:\/\/mendezberenguer.es\/pt-pt\/wp-json\/wp\/v2\/media\/1447"}],"wp:attachment":[{"href":"https:\/\/mendezberenguer.es\/pt-pt\/wp-json\/wp\/v2\/media?parent=1450"}],"curies":[{"name":"wp","href":"https:\/\/api.w.org\/{rel}","templated":true}]}}